{"id":1405,"date":"2017-08-13T10:58:56","date_gmt":"2017-08-13T09:58:56","guid":{"rendered":"http:\/\/www.bskbardejov.chess.sk\/?page_id=1405"},"modified":"2018-08-27T19:12:38","modified_gmt":"2018-08-27T18:12:38","slug":"zverejnovanie-zmluv","status":"publish","type":"page","link":"https:\/\/www.bskbardejov.chess.sk\/index.php\/zverejnovanie-zmluv\/","title":{"rendered":"Zverej\u0148ovanie zml\u00fav"},"content":{"rendered":"<p><strong><span style=\"color: #0000ff;\">\u00a01 .\u00a0<a style=\"color: #0000ff;\" href=\"http:\/\/www.bskbardejov.chess.sk\/wp-content\/uploads\/2017\/08\/Zmluva-o-refund\u00e1cii-pr\u00edspevku-klubom_final.docx\">Zmluva o refund\u00e1cii pr\u00edspevku klubom_final<\/a>\u00a0 2017<\/span><\/strong><\/p>\n<p>vy\u00fa\u010dtovanie fin.prostriedkov k zmluve :\u00a0<a href=\"http:\/\/www.bskbardejov.chess.sk\/wp-content\/uploads\/2017\/08\/vyu\u010dtovanie.doc\">vyu\u010dtovanie<\/a><\/p>\n<p><a href=\"http:\/\/www.bskbardejov.chess.sk\/wp-content\/uploads\/2017\/08\/pr\u00edloha-B1-k-vy\u00fa\u010dtovaniu.pdf\">pr\u00edloha B1 k vy\u00fa\u010dtovaniu<\/a><\/p>\n<p><a href=\"http:\/\/www.bskbardejov.chess.sk\/wp-content\/uploads\/2017\/08\/pr\u00edloha-B2-k-vy\u00fa\u010dtovaniu.doc\">pr\u00edloha B2 k vy\u00fa\u010dtovaniu<\/a><\/p>\n<p>Dodatok k refund\u00e1cii pr\u00edspevku 2.kolo :<a href=\"http:\/\/www.bskbardejov.chess.sk\/wp-content\/uploads\/2017\/08\/platba-sorea.pdf\">platba sorea<\/a>\u00a0<a href=\"http:\/\/www.bskbardejov.chess.sk\/wp-content\/uploads\/2017\/08\/chessResultsList-1-1.pdf\">chessResultsList (1) (1)<\/a><\/p>\n<p><strong>2.darovacia zmluva ML Bardejov\u00a0http:\/\/www.mlbardejov.sk\/files\/docs\/main_tree\/dokument_1673_77.pdf<\/strong><\/p>\n<p>&nbsp;<\/p>\n<p>3.Zmluva o refund\u00e1cii pr\u00edspevku klubom 2018<a href=\"http:\/\/www.bskbardejov.chess.sk\/wp-content\/uploads\/2017\/08\/Nova-zmluva-s-vyuct..doc\">Nova zmluva s vyuct.<\/a><!--more--><\/p>\n<p><img loading=\"lazy\" decoding=\"async\" class=\"alignnone size-medium wp-image-1992\" src=\"http:\/\/www.bskbardejov.chess.sk\/wp-content\/uploads\/2017\/08\/MSR-ml\u00e1de\u017ee-2018-2-faktura-218x300.jpg\" alt=\"\" width=\"218\" height=\"300\" \/><\/p>\n","protected":false},"excerpt":{"rendered":"<p>\u00a01 .\u00a0Zmluva o refund\u00e1cii pr\u00edspevku klubom_final\u00a0 2017 vy\u00fa\u010dtovanie fin.prostriedkov k zmluve :\u00a0vyu\u010dtovanie pr\u00edloha B1 k vy\u00fa\u010dtovaniu pr\u00edloha B2 k vy\u00fa\u010dtovaniu Dodatok k refund\u00e1cii pr\u00edspevku 2.kolo :platba sorea\u00a0chessResultsList (1) (1) 2.darovacia [&hellip;]<\/p>\n","protected":false},"author":1,"featured_media":0,"parent":0,"menu_order":0,"comment_status":"closed","ping_status":"closed","template":"","meta":{"footnotes":""},"class_list":["post-1405","page","type-page","status-publish","hentry"],"yoast_head":"<!-- This site is optimized with the Yoast SEO plugin v16.6.1 - https:\/\/yoast.com\/wordpress\/plugins\/seo\/ -->\n<title>Zverej\u0148ovanie zml\u00fav - B\u0160K Bardejov<\/title>\n<meta name=\"robots\" content=\"index, follow, max-snippet:-1, max-image-preview:large, max-video-preview:-1\" \/>\n<link rel=\"canonical\" href=\"https:\/\/www.bskbardejov.chess.sk\/index.php\/zverejnovanie-zmluv\/\" \/>\n<meta property=\"og:locale\" content=\"sk_SK\" \/>\n<meta property=\"og:type\" content=\"article\" \/>\n<meta property=\"og:title\" content=\"Zverej\u0148ovanie zml\u00fav - B\u0160K Bardejov\" \/>\n<meta property=\"og:description\" content=\"\u00a01 .\u00a0Zmluva o refund\u00e1cii pr\u00edspevku klubom_final\u00a0 2017 vy\u00fa\u010dtovanie fin.prostriedkov k zmluve :\u00a0vyu\u010dtovanie pr\u00edloha B1 k vy\u00fa\u010dtovaniu pr\u00edloha B2 k vy\u00fa\u010dtovaniu Dodatok k refund\u00e1cii pr\u00edspevku 2.kolo :platba sorea\u00a0chessResultsList (1) (1) 2.darovacia [&hellip;]\" \/>\n<meta property=\"og:url\" content=\"https:\/\/www.bskbardejov.chess.sk\/index.php\/zverejnovanie-zmluv\/\" \/>\n<meta property=\"og:site_name\" content=\"B\u0160K Bardejov\" \/>\n<meta property=\"article:modified_time\" content=\"2018-08-27T18:12:38+00:00\" \/>\n<meta property=\"og:image\" content=\"http:\/\/www.bskbardejov.chess.sk\/wp-content\/uploads\/2017\/08\/MSR-ml\u00e1de\u017ee-2018-2-faktura-218x300.jpg\" \/>\n<meta name=\"twitter:card\" content=\"summary\" \/>\n<script type=\"application\/ld+json\" class=\"yoast-schema-graph\">{\"@context\":\"https:\/\/schema.org\",\"@graph\":[{\"@type\":\"WebSite\",\"@id\":\"https:\/\/www.bskbardejov.chess.sk\/#website\",\"url\":\"https:\/\/www.bskbardejov.chess.sk\/\",\"name\":\"B\\u0160K Bardejov\",\"description\":\"Bardejovsk\\u00fd \\u0161achov\\u00fd klub\",\"potentialAction\":[{\"@type\":\"SearchAction\",\"target\":{\"@type\":\"EntryPoint\",\"urlTemplate\":\"https:\/\/www.bskbardejov.chess.sk\/?s={search_term_string}\"},\"query-input\":\"required name=search_term_string\"}],\"inLanguage\":\"sk-SK\"},{\"@type\":\"ImageObject\",\"@id\":\"https:\/\/www.bskbardejov.chess.sk\/index.php\/zverejnovanie-zmluv\/#primaryimage\",\"inLanguage\":\"sk-SK\",\"url\":\"http:\/\/www.bskbardejov.chess.sk\/wp-content\/uploads\/2017\/08\/MSR-ml\\u00e1de\\u017ee-2018-2-faktura-218x300.jpg\",\"contentUrl\":\"http:\/\/www.bskbardejov.chess.sk\/wp-content\/uploads\/2017\/08\/MSR-ml\\u00e1de\\u017ee-2018-2-faktura-218x300.jpg\"},{\"@type\":\"WebPage\",\"@id\":\"https:\/\/www.bskbardejov.chess.sk\/index.php\/zverejnovanie-zmluv\/#webpage\",\"url\":\"https:\/\/www.bskbardejov.chess.sk\/index.php\/zverejnovanie-zmluv\/\",\"name\":\"Zverej\\u0148ovanie zml\\u00fav - B\\u0160K Bardejov\",\"isPartOf\":{\"@id\":\"https:\/\/www.bskbardejov.chess.sk\/#website\"},\"primaryImageOfPage\":{\"@id\":\"https:\/\/www.bskbardejov.chess.sk\/index.php\/zverejnovanie-zmluv\/#primaryimage\"},\"datePublished\":\"2017-08-13T09:58:56+00:00\",\"dateModified\":\"2018-08-27T18:12:38+00:00\",\"breadcrumb\":{\"@id\":\"https:\/\/www.bskbardejov.chess.sk\/index.php\/zverejnovanie-zmluv\/#breadcrumb\"},\"inLanguage\":\"sk-SK\",\"potentialAction\":[{\"@type\":\"ReadAction\",\"target\":[\"https:\/\/www.bskbardejov.chess.sk\/index.php\/zverejnovanie-zmluv\/\"]}]},{\"@type\":\"BreadcrumbList\",\"@id\":\"https:\/\/www.bskbardejov.chess.sk\/index.php\/zverejnovanie-zmluv\/#breadcrumb\",\"itemListElement\":[{\"@type\":\"ListItem\",\"position\":1,\"name\":\"Domovsk\\u00e1 str\\u00e1nka\",\"item\":\"https:\/\/www.bskbardejov.chess.sk\/\"},{\"@type\":\"ListItem\",\"position\":2,\"name\":\"Zverej\\u0148ovanie zml\\u00fav\"}]}]}<\/script>\n<!-- \/ Yoast SEO plugin. -->","_links":{"self":[{"href":"https:\/\/www.bskbardejov.chess.sk\/index.php\/wp-json\/wp\/v2\/pages\/1405","targetHints":{"allow":["GET"]}}],"collection":[{"href":"https:\/\/www.bskbardejov.chess.sk\/index.php\/wp-json\/wp\/v2\/pages"}],"about":[{"href":"https:\/\/www.bskbardejov.chess.sk\/index.php\/wp-json\/wp\/v2\/types\/page"}],"author":[{"embeddable":true,"href":"https:\/\/www.bskbardejov.chess.sk\/index.php\/wp-json\/wp\/v2\/users\/1"}],"replies":[{"embeddable":true,"href":"https:\/\/www.bskbardejov.chess.sk\/index.php\/wp-json\/wp\/v2\/comments?post=1405"}],"version-history":[{"count":6,"href":"https:\/\/www.bskbardejov.chess.sk\/index.php\/wp-json\/wp\/v2\/pages\/1405\/revisions"}],"predecessor-version":[{"id":1993,"href":"https:\/\/www.bskbardejov.chess.sk\/index.php\/wp-json\/wp\/v2\/pages\/1405\/revisions\/1993"}],"wp:attachment":[{"href":"https:\/\/www.bskbardejov.chess.sk\/index.php\/wp-json\/wp\/v2\/media?parent=1405"}],"curies":[{"name":"wp","href":"https:\/\/api.w.org\/{rel}","templated":true}]}}