{"id":145,"date":"2016-01-30T19:15:16","date_gmt":"2016-01-30T18:15:16","guid":{"rendered":"http:\/\/www.bskbardejov.chess.sk\/?page_id=145"},"modified":"2025-12-02T19:30:59","modified_gmt":"2025-12-02T18:30:59","slug":"clenovia","status":"publish","type":"page","link":"https:\/\/www.bskbardejov.chess.sk\/index.php\/clenovia\/","title":{"rendered":"\u010clenovia"},"content":{"rendered":"<p>Pokia\u013e by ste chceli finan\u010dne podpori\u0165 n\u00e1\u0161 klub, prispie\u0165 na podporu talentovanej ml\u00e1de\u017ee,podpori\u0165 organiz\u00e1ciu turnajov, pr\u00e1cu s de\u0165mi a rozv\u00edja\u0165 \u0161achov\u00e9 aktivity a kvalitu klubu, zverej\u0148ujeme \u010d\u00edslo \u00fa\u010dtu, na ktor\u00fd m\u00f4\u017ete prispie\u0165 \u013eubovo\u013enou \u010diastkou. Vopred \u010fakujeme za ka\u017ed\u00fa pomoc !<\/p>\n<p><span style=\"color: #ff0000;\">IBAN:\u00a0 SK9875000000004024243005<\/span><\/p>\n<p>Zoznam \u010dlenov B\u0160K :\u00a0<a href=\"http:\/\/chess.sk\/index.php?str=clenovia&amp;klubId=50201\">zoznam \u010dlenov<\/a>, po\u010det 33<\/p>\n","protected":false},"excerpt":{"rendered":"<p>Pokia\u013e by ste chceli finan\u010dne podpori\u0165 n\u00e1\u0161 klub, prispie\u0165 na podporu talentovanej ml\u00e1de\u017ee,podpori\u0165 organiz\u00e1ciu turnajov, pr\u00e1cu s de\u0165mi a rozv\u00edja\u0165 \u0161achov\u00e9 aktivity a kvalitu klubu, zverej\u0148ujeme \u010d\u00edslo \u00fa\u010dtu, na ktor\u00fd [&hellip;]<\/p>\n","protected":false},"author":1,"featured_media":0,"parent":0,"menu_order":0,"comment_status":"closed","ping_status":"closed","template":"","meta":{"footnotes":""},"class_list":["post-145","page","type-page","status-publish","hentry"],"yoast_head":"<!-- This site is optimized with the Yoast SEO plugin v16.6.1 - https:\/\/yoast.com\/wordpress\/plugins\/seo\/ -->\n<title>\u010clenovia - B\u0160K Bardejov<\/title>\n<meta name=\"robots\" content=\"index, follow, max-snippet:-1, max-image-preview:large, max-video-preview:-1\" \/>\n<link rel=\"canonical\" href=\"https:\/\/www.bskbardejov.chess.sk\/index.php\/clenovia\/\" \/>\n<meta property=\"og:locale\" content=\"sk_SK\" \/>\n<meta property=\"og:type\" content=\"article\" \/>\n<meta property=\"og:title\" content=\"\u010clenovia - B\u0160K Bardejov\" \/>\n<meta property=\"og:description\" content=\"Pokia\u013e by ste chceli finan\u010dne podpori\u0165 n\u00e1\u0161 klub, prispie\u0165 na podporu talentovanej ml\u00e1de\u017ee,podpori\u0165 organiz\u00e1ciu turnajov, pr\u00e1cu s de\u0165mi a rozv\u00edja\u0165 \u0161achov\u00e9 aktivity a kvalitu klubu, zverej\u0148ujeme \u010d\u00edslo \u00fa\u010dtu, na ktor\u00fd [&hellip;]\" \/>\n<meta property=\"og:url\" content=\"https:\/\/www.bskbardejov.chess.sk\/index.php\/clenovia\/\" \/>\n<meta property=\"og:site_name\" content=\"B\u0160K Bardejov\" \/>\n<meta property=\"article:modified_time\" content=\"2025-12-02T18:30:59+00:00\" \/>\n<meta name=\"twitter:card\" content=\"summary\" \/>\n<meta name=\"twitter:label1\" content=\"Predpokladan\u00fd \u010das \u010d\u00edtania\" \/>\n\t<meta name=\"twitter:data1\" content=\"1 min\u00fata\" \/>\n<script type=\"application\/ld+json\" class=\"yoast-schema-graph\">{\"@context\":\"https:\/\/schema.org\",\"@graph\":[{\"@type\":\"WebSite\",\"@id\":\"https:\/\/www.bskbardejov.chess.sk\/#website\",\"url\":\"https:\/\/www.bskbardejov.chess.sk\/\",\"name\":\"B\\u0160K Bardejov\",\"description\":\"Bardejovsk\\u00fd \\u0161achov\\u00fd klub\",\"potentialAction\":[{\"@type\":\"SearchAction\",\"target\":{\"@type\":\"EntryPoint\",\"urlTemplate\":\"https:\/\/www.bskbardejov.chess.sk\/?s={search_term_string}\"},\"query-input\":\"required name=search_term_string\"}],\"inLanguage\":\"sk-SK\"},{\"@type\":\"WebPage\",\"@id\":\"https:\/\/www.bskbardejov.chess.sk\/index.php\/clenovia\/#webpage\",\"url\":\"https:\/\/www.bskbardejov.chess.sk\/index.php\/clenovia\/\",\"name\":\"\\u010clenovia - B\\u0160K Bardejov\",\"isPartOf\":{\"@id\":\"https:\/\/www.bskbardejov.chess.sk\/#website\"},\"datePublished\":\"2016-01-30T18:15:16+00:00\",\"dateModified\":\"2025-12-02T18:30:59+00:00\",\"breadcrumb\":{\"@id\":\"https:\/\/www.bskbardejov.chess.sk\/index.php\/clenovia\/#breadcrumb\"},\"inLanguage\":\"sk-SK\",\"potentialAction\":[{\"@type\":\"ReadAction\",\"target\":[\"https:\/\/www.bskbardejov.chess.sk\/index.php\/clenovia\/\"]}]},{\"@type\":\"BreadcrumbList\",\"@id\":\"https:\/\/www.bskbardejov.chess.sk\/index.php\/clenovia\/#breadcrumb\",\"itemListElement\":[{\"@type\":\"ListItem\",\"position\":1,\"name\":\"Domovsk\\u00e1 str\\u00e1nka\",\"item\":\"https:\/\/www.bskbardejov.chess.sk\/\"},{\"@type\":\"ListItem\",\"position\":2,\"name\":\"\\u010clenovia\"}]}]}<\/script>\n<!-- \/ Yoast SEO plugin. -->","_links":{"self":[{"href":"https:\/\/www.bskbardejov.chess.sk\/index.php\/wp-json\/wp\/v2\/pages\/145","targetHints":{"allow":["GET"]}}],"collection":[{"href":"https:\/\/www.bskbardejov.chess.sk\/index.php\/wp-json\/wp\/v2\/pages"}],"about":[{"href":"https:\/\/www.bskbardejov.chess.sk\/index.php\/wp-json\/wp\/v2\/types\/page"}],"author":[{"embeddable":true,"href":"https:\/\/www.bskbardejov.chess.sk\/index.php\/wp-json\/wp\/v2\/users\/1"}],"replies":[{"embeddable":true,"href":"https:\/\/www.bskbardejov.chess.sk\/index.php\/wp-json\/wp\/v2\/comments?post=145"}],"version-history":[{"count":7,"href":"https:\/\/www.bskbardejov.chess.sk\/index.php\/wp-json\/wp\/v2\/pages\/145\/revisions"}],"predecessor-version":[{"id":2195,"href":"https:\/\/www.bskbardejov.chess.sk\/index.php\/wp-json\/wp\/v2\/pages\/145\/revisions\/2195"}],"wp:attachment":[{"href":"https:\/\/www.bskbardejov.chess.sk\/index.php\/wp-json\/wp\/v2\/media?parent=145"}],"curies":[{"name":"wp","href":"https:\/\/api.w.org\/{rel}","templated":true}]}}