{"id":409,"date":"2016-03-13T15:14:51","date_gmt":"2016-03-13T14:14:51","guid":{"rendered":"http:\/\/www.bskbardejov.chess.sk\/?page_id=409"},"modified":"2021-07-04T22:03:03","modified_gmt":"2021-07-04T21:03:03","slug":"podporte-nas-2","status":"publish","type":"page","link":"https:\/\/www.bskbardejov.chess.sk\/index.php\/podporte-nas-2\/","title":{"rendered":"2% DANE"},"content":{"rendered":"<p align=\"center\">2% z dane<\/p>\n<p align=\"center\"><a href=\"http:\/\/www.bskbardejov.chess.sk\/wp-content\/uploads\/2016\/03\/Formul\u00e1r-2-z-den\u00ed-B\u0160K-2.pdf\">Formul\u00e1r 2 % z den\u00ed B\u0160K (2)<\/a><\/p>\n<p><a href=\"https:\/\/spravy.pravda.sk\/dve-percenta\/clanok\/458184-bardejovsky-sachovy-klub-bsk-bardejov\/\"><strong>https:\/\/spravy.pravda.sk\/dve-percenta\/clanok\/458184-bardejovsky-sachovy-klub-bsk-bardejov\/<\/strong><\/a><\/p>\n<p align=\"center\">\n<p align=\"center\"><span style=\"color: #333399;\"><strong>klubov\u00fd \u00fa\u010det :IBAN&nbsp;&nbsp;&nbsp;&nbsp;&nbsp;&nbsp;&nbsp;&nbsp;&nbsp;&nbsp;&nbsp;&nbsp;&nbsp;&nbsp;&nbsp; SK9875000000004024243005<\/strong><\/span><\/p>\n","protected":false},"excerpt":{"rendered":"<p>2% z dane Formul\u00e1r 2 % z den\u00ed B\u0160K (2) https:\/\/spravy.pravda.sk\/dve-percenta\/clanok\/458184-bardejovsky-sachovy-klub-bsk-bardejov\/ klubov\u00fd \u00fa\u010det :IBAN&nbsp;&nbsp;&nbsp;&nbsp;&nbsp;&nbsp;&nbsp;&nbsp;&nbsp;&nbsp;&nbsp;&nbsp;&nbsp;&nbsp;&nbsp; SK9875000000004024243005<\/p>\n","protected":false},"author":1,"featured_media":0,"parent":0,"menu_order":0,"comment_status":"closed","ping_status":"closed","template":"","meta":{"footnotes":""},"class_list":["post-409","page","type-page","status-publish","hentry"],"yoast_head":"<!-- This site is optimized with the Yoast SEO plugin v16.6.1 - https:\/\/yoast.com\/wordpress\/plugins\/seo\/ -->\n<title>2% DANE - B\u0160K Bardejov<\/title>\n<meta name=\"robots\" content=\"index, follow, max-snippet:-1, max-image-preview:large, max-video-preview:-1\" \/>\n<link rel=\"canonical\" href=\"https:\/\/www.bskbardejov.chess.sk\/index.php\/podporte-nas-2\/\" \/>\n<meta property=\"og:locale\" content=\"sk_SK\" \/>\n<meta property=\"og:type\" content=\"article\" \/>\n<meta property=\"og:title\" content=\"2% DANE - B\u0160K Bardejov\" \/>\n<meta property=\"og:description\" content=\"2% z dane Formul\u00e1r 2 % z den\u00ed B\u0160K (2) https:\/\/spravy.pravda.sk\/dve-percenta\/clanok\/458184-bardejovsky-sachovy-klub-bsk-bardejov\/ klubov\u00fd \u00fa\u010det :IBAN&nbsp;&nbsp;&nbsp;&nbsp;&nbsp;&nbsp;&nbsp;&nbsp;&nbsp;&nbsp;&nbsp;&nbsp;&nbsp;&nbsp;&nbsp; SK9875000000004024243005\" \/>\n<meta property=\"og:url\" content=\"https:\/\/www.bskbardejov.chess.sk\/index.php\/podporte-nas-2\/\" \/>\n<meta property=\"og:site_name\" content=\"B\u0160K Bardejov\" \/>\n<meta property=\"article:modified_time\" content=\"2021-07-04T21:03:03+00:00\" \/>\n<meta name=\"twitter:card\" content=\"summary\" \/>\n<script type=\"application\/ld+json\" class=\"yoast-schema-graph\">{\"@context\":\"https:\/\/schema.org\",\"@graph\":[{\"@type\":\"WebSite\",\"@id\":\"https:\/\/www.bskbardejov.chess.sk\/#website\",\"url\":\"https:\/\/www.bskbardejov.chess.sk\/\",\"name\":\"B\\u0160K Bardejov\",\"description\":\"Bardejovsk\\u00fd \\u0161achov\\u00fd klub\",\"potentialAction\":[{\"@type\":\"SearchAction\",\"target\":{\"@type\":\"EntryPoint\",\"urlTemplate\":\"https:\/\/www.bskbardejov.chess.sk\/?s={search_term_string}\"},\"query-input\":\"required name=search_term_string\"}],\"inLanguage\":\"sk-SK\"},{\"@type\":\"WebPage\",\"@id\":\"https:\/\/www.bskbardejov.chess.sk\/index.php\/podporte-nas-2\/#webpage\",\"url\":\"https:\/\/www.bskbardejov.chess.sk\/index.php\/podporte-nas-2\/\",\"name\":\"2% DANE - B\\u0160K Bardejov\",\"isPartOf\":{\"@id\":\"https:\/\/www.bskbardejov.chess.sk\/#website\"},\"datePublished\":\"2016-03-13T14:14:51+00:00\",\"dateModified\":\"2021-07-04T21:03:03+00:00\",\"breadcrumb\":{\"@id\":\"https:\/\/www.bskbardejov.chess.sk\/index.php\/podporte-nas-2\/#breadcrumb\"},\"inLanguage\":\"sk-SK\",\"potentialAction\":[{\"@type\":\"ReadAction\",\"target\":[\"https:\/\/www.bskbardejov.chess.sk\/index.php\/podporte-nas-2\/\"]}]},{\"@type\":\"BreadcrumbList\",\"@id\":\"https:\/\/www.bskbardejov.chess.sk\/index.php\/podporte-nas-2\/#breadcrumb\",\"itemListElement\":[{\"@type\":\"ListItem\",\"position\":1,\"name\":\"Domovsk\\u00e1 str\\u00e1nka\",\"item\":\"https:\/\/www.bskbardejov.chess.sk\/\"},{\"@type\":\"ListItem\",\"position\":2,\"name\":\"2% DANE\"}]}]}<\/script>\n<!-- \/ Yoast SEO plugin. -->","_links":{"self":[{"href":"https:\/\/www.bskbardejov.chess.sk\/index.php\/wp-json\/wp\/v2\/pages\/409","targetHints":{"allow":["GET"]}}],"collection":[{"href":"https:\/\/www.bskbardejov.chess.sk\/index.php\/wp-json\/wp\/v2\/pages"}],"about":[{"href":"https:\/\/www.bskbardejov.chess.sk\/index.php\/wp-json\/wp\/v2\/types\/page"}],"author":[{"embeddable":true,"href":"https:\/\/www.bskbardejov.chess.sk\/index.php\/wp-json\/wp\/v2\/users\/1"}],"replies":[{"embeddable":true,"href":"https:\/\/www.bskbardejov.chess.sk\/index.php\/wp-json\/wp\/v2\/comments?post=409"}],"version-history":[{"count":12,"href":"https:\/\/www.bskbardejov.chess.sk\/index.php\/wp-json\/wp\/v2\/pages\/409\/revisions"}],"predecessor-version":[{"id":2138,"href":"https:\/\/www.bskbardejov.chess.sk\/index.php\/wp-json\/wp\/v2\/pages\/409\/revisions\/2138"}],"wp:attachment":[{"href":"https:\/\/www.bskbardejov.chess.sk\/index.php\/wp-json\/wp\/v2\/media?parent=409"}],"curies":[{"name":"wp","href":"https:\/\/api.w.org\/{rel}","templated":true}]}}