{"id":7,"date":"2016-01-08T12:39:24","date_gmt":"2016-01-08T11:39:24","guid":{"rendered":"http:\/\/www.bskbardejov.chess.sk\/?page_id=7"},"modified":"2018-02-10T12:43:47","modified_gmt":"2018-02-10T11:43:47","slug":"trening","status":"publish","type":"page","link":"https:\/\/www.bskbardejov.chess.sk\/index.php\/trening\/","title":{"rendered":"Dokumenty"},"content":{"rendered":"<h3><\/h3>\n<h3><\/h3>\n<h3><\/h3>\n<h3><strong><a href=\"http:\/\/www.bskbardejov.chess.sk\/wp-content\/uploads\/2016\/10\/FOND_DOT\u00c1CI\u00cd_BSK-1.docx\">FOND_DOT\u00c1CI\u00cd_BSK (1)<\/a><\/strong><\/h3>\n<h3><strong>Stanovy B\u0160K-Bardejov<\/strong><strong>\u00a0 \u00a0v pr\u00edlohe :\u00a0<a href=\"http:\/\/www.bskbardejov.chess.sk\/wp-content\/uploads\/2016\/01\/STANOVY-2.docx\">STANOVY (2)<\/a>\u00a0<\/strong><\/h3>\n<p>&nbsp;<\/p>\n<p><strong>\u00a0<\/strong><\/p>\n<p>&nbsp;<\/p>\n","protected":false},"excerpt":{"rendered":"<p>FOND_DOT\u00c1CI\u00cd_BSK (1) Stanovy B\u0160K-Bardejov\u00a0 \u00a0v pr\u00edlohe :\u00a0STANOVY (2)\u00a0 &nbsp; \u00a0 &nbsp;<\/p>\n","protected":false},"author":1,"featured_media":0,"parent":0,"menu_order":0,"comment_status":"closed","ping_status":"closed","template":"","meta":{"footnotes":""},"class_list":["post-7","page","type-page","status-publish","hentry"],"yoast_head":"<!-- This site is optimized with the Yoast SEO plugin v16.6.1 - https:\/\/yoast.com\/wordpress\/plugins\/seo\/ -->\n<title>Dokumenty - B\u0160K Bardejov<\/title>\n<meta name=\"robots\" content=\"index, follow, max-snippet:-1, max-image-preview:large, max-video-preview:-1\" \/>\n<link rel=\"canonical\" href=\"https:\/\/www.bskbardejov.chess.sk\/index.php\/trening\/\" \/>\n<meta property=\"og:locale\" content=\"sk_SK\" \/>\n<meta property=\"og:type\" content=\"article\" \/>\n<meta property=\"og:title\" content=\"Dokumenty - B\u0160K Bardejov\" \/>\n<meta property=\"og:description\" content=\"FOND_DOT\u00c1CI\u00cd_BSK (1) Stanovy B\u0160K-Bardejov\u00a0 \u00a0v pr\u00edlohe :\u00a0STANOVY (2)\u00a0 &nbsp; \u00a0 &nbsp;\" \/>\n<meta property=\"og:url\" content=\"https:\/\/www.bskbardejov.chess.sk\/index.php\/trening\/\" \/>\n<meta property=\"og:site_name\" content=\"B\u0160K Bardejov\" \/>\n<meta property=\"article:modified_time\" content=\"2018-02-10T11:43:47+00:00\" \/>\n<meta name=\"twitter:card\" content=\"summary\" \/>\n<script type=\"application\/ld+json\" class=\"yoast-schema-graph\">{\"@context\":\"https:\/\/schema.org\",\"@graph\":[{\"@type\":\"WebSite\",\"@id\":\"https:\/\/www.bskbardejov.chess.sk\/#website\",\"url\":\"https:\/\/www.bskbardejov.chess.sk\/\",\"name\":\"B\\u0160K Bardejov\",\"description\":\"Bardejovsk\\u00fd \\u0161achov\\u00fd klub\",\"potentialAction\":[{\"@type\":\"SearchAction\",\"target\":{\"@type\":\"EntryPoint\",\"urlTemplate\":\"https:\/\/www.bskbardejov.chess.sk\/?s={search_term_string}\"},\"query-input\":\"required name=search_term_string\"}],\"inLanguage\":\"sk-SK\"},{\"@type\":\"WebPage\",\"@id\":\"https:\/\/www.bskbardejov.chess.sk\/index.php\/trening\/#webpage\",\"url\":\"https:\/\/www.bskbardejov.chess.sk\/index.php\/trening\/\",\"name\":\"Dokumenty - B\\u0160K Bardejov\",\"isPartOf\":{\"@id\":\"https:\/\/www.bskbardejov.chess.sk\/#website\"},\"datePublished\":\"2016-01-08T11:39:24+00:00\",\"dateModified\":\"2018-02-10T11:43:47+00:00\",\"breadcrumb\":{\"@id\":\"https:\/\/www.bskbardejov.chess.sk\/index.php\/trening\/#breadcrumb\"},\"inLanguage\":\"sk-SK\",\"potentialAction\":[{\"@type\":\"ReadAction\",\"target\":[\"https:\/\/www.bskbardejov.chess.sk\/index.php\/trening\/\"]}]},{\"@type\":\"BreadcrumbList\",\"@id\":\"https:\/\/www.bskbardejov.chess.sk\/index.php\/trening\/#breadcrumb\",\"itemListElement\":[{\"@type\":\"ListItem\",\"position\":1,\"name\":\"Domovsk\\u00e1 str\\u00e1nka\",\"item\":\"https:\/\/www.bskbardejov.chess.sk\/\"},{\"@type\":\"ListItem\",\"position\":2,\"name\":\"Dokumenty\"}]}]}<\/script>\n<!-- \/ Yoast SEO plugin. -->","_links":{"self":[{"href":"https:\/\/www.bskbardejov.chess.sk\/index.php\/wp-json\/wp\/v2\/pages\/7","targetHints":{"allow":["GET"]}}],"collection":[{"href":"https:\/\/www.bskbardejov.chess.sk\/index.php\/wp-json\/wp\/v2\/pages"}],"about":[{"href":"https:\/\/www.bskbardejov.chess.sk\/index.php\/wp-json\/wp\/v2\/types\/page"}],"author":[{"embeddable":true,"href":"https:\/\/www.bskbardejov.chess.sk\/index.php\/wp-json\/wp\/v2\/users\/1"}],"replies":[{"embeddable":true,"href":"https:\/\/www.bskbardejov.chess.sk\/index.php\/wp-json\/wp\/v2\/comments?post=7"}],"version-history":[{"count":13,"href":"https:\/\/www.bskbardejov.chess.sk\/index.php\/wp-json\/wp\/v2\/pages\/7\/revisions"}],"predecessor-version":[{"id":1748,"href":"https:\/\/www.bskbardejov.chess.sk\/index.php\/wp-json\/wp\/v2\/pages\/7\/revisions\/1748"}],"wp:attachment":[{"href":"https:\/\/www.bskbardejov.chess.sk\/index.php\/wp-json\/wp\/v2\/media?parent=7"}],"curies":[{"name":"wp","href":"https:\/\/api.w.org\/{rel}","templated":true}]}}